{"id":1357,"date":"2023-09-03T23:58:13","date_gmt":"2023-09-03T23:58:13","guid":{"rendered":"https:\/\/kta-dmc.com\/ueber-uns\/"},"modified":"2023-10-02T15:09:14","modified_gmt":"2023-10-02T15:09:14","slug":"ueber-uns","status":"publish","type":"page","link":"https:\/\/kta-dmc.com\/de\/ueber-uns\/","title":{"rendered":"\u00dcber uns"},"content":{"rendered":"\t\t<div data-elementor-type=\"wp-page\" data-elementor-id=\"1357\" class=\"elementor elementor-1357 elementor-235\" data-elementor-post-type=\"page\">\n\t\t\t\t\t\t\t\t\t<section class=\"elementor-section elementor-top-section elementor-element elementor-element-1937e54 elementor-section-height-min-height elementor-section-boxed elementor-section-height-default elementor-section-items-middle\" data-id=\"1937e54\" data-element_type=\"section\" data-settings=\"{&quot;background_background&quot;:&quot;classic&quot;}\">\n\t\t\t\t\t\t\t<div class=\"elementor-background-overlay\"><\/div>\n\t\t\t\t\t\t\t<div class=\"elementor-container elementor-column-gap-default\">\n\t\t\t\t\t<div class=\"elementor-column elementor-col-100 elementor-top-column elementor-element elementor-element-8c20cd2\" data-id=\"8c20cd2\" data-element_type=\"column\">\n\t\t\t<div class=\"elementor-widget-wrap elementor-element-populated\">\n\t\t\t\t\t\t\t\t<div class=\"elementor-element elementor-element-7b5d13d elementor-widget elementor-widget-heading\" data-id=\"7b5d13d\" data-element_type=\"widget\" data-widget_type=\"heading.default\">\n\t\t\t\t<div class=\"elementor-widget-container\">\n\t\t\t<style>\/*! elementor - v3.18.0 - 04-12-2023 *\/\n.elementor-heading-title{padding:0;margin:0;line-height:1}.elementor-widget-heading .elementor-heading-title[class*=elementor-size-]>a{color:inherit;font-size:inherit;line-height:inherit}.elementor-widget-heading .elementor-heading-title.elementor-size-small{font-size:15px}.elementor-widget-heading .elementor-heading-title.elementor-size-medium{font-size:19px}.elementor-widget-heading .elementor-heading-title.elementor-size-large{font-size:29px}.elementor-widget-heading .elementor-heading-title.elementor-size-xl{font-size:39px}.elementor-widget-heading .elementor-heading-title.elementor-size-xxl{font-size:59px}<\/style><h1 class=\"elementor-heading-title elementor-size-default\">Ihre Destination-Management-Firma<\/h1>\t\t<\/div>\n\t\t\t\t<\/div>\n\t\t\t\t\t<\/div>\n\t\t<\/div>\n\t\t\t\t\t\t\t<\/div>\n\t\t<\/section>\n\t\t\t\t<section class=\"elementor-section elementor-top-section elementor-element elementor-element-b1693cd elementor-section-content-top elementor-section-boxed elementor-section-height-default elementor-section-height-default\" data-id=\"b1693cd\" data-element_type=\"section\" id=\"who-kta\">\n\t\t\t\t\t\t<div class=\"elementor-container elementor-column-gap-default\">\n\t\t\t\t\t<div class=\"elementor-column elementor-col-50 elementor-top-column elementor-element elementor-element-534b025\" data-id=\"534b025\" data-element_type=\"column\">\n\t\t\t<div class=\"elementor-widget-wrap elementor-element-populated\">\n\t\t\t\t\t\t\t\t<div class=\"elementor-element elementor-element-d0b1de8 elementor-widget elementor-widget-heading\" data-id=\"d0b1de8\" data-element_type=\"widget\" data-widget_type=\"heading.default\">\n\t\t\t\t<div class=\"elementor-widget-container\">\n\t\t\t<div class=\"elementor-heading-title elementor-size-default\">Ein internationales Netzwerk von Servicepartnern und Kunden<\/div>\t\t<\/div>\n\t\t\t\t<\/div>\n\t\t\t\t\t<\/div>\n\t\t<\/div>\n\t\t\t\t<div class=\"elementor-column elementor-col-50 elementor-top-column elementor-element elementor-element-c1ed788\" data-id=\"c1ed788\" data-element_type=\"column\">\n\t\t\t<div class=\"elementor-widget-wrap elementor-element-populated\">\n\t\t\t\t\t\t\t\t<div class=\"elementor-element elementor-element-dc1e2f9 elementor-widget elementor-widget-text-editor\" data-id=\"dc1e2f9\" data-element_type=\"widget\" data-widget_type=\"text-editor.default\">\n\t\t\t\t<div class=\"elementor-widget-container\">\n\t\t\t<style>\/*! elementor - v3.18.0 - 04-12-2023 *\/\n.elementor-widget-text-editor.elementor-drop-cap-view-stacked .elementor-drop-cap{background-color:#69727d;color:#fff}.elementor-widget-text-editor.elementor-drop-cap-view-framed .elementor-drop-cap{color:#69727d;border:3px solid;background-color:transparent}.elementor-widget-text-editor:not(.elementor-drop-cap-view-default) .elementor-drop-cap{margin-top:8px}.elementor-widget-text-editor:not(.elementor-drop-cap-view-default) .elementor-drop-cap-letter{width:1em;height:1em}.elementor-widget-text-editor .elementor-drop-cap{float:left;text-align:center;line-height:1;font-size:50px}.elementor-widget-text-editor .elementor-drop-cap-letter{display:inline-block}<\/style>\t\t\t\t<p><strong>Willkommen bei [KTA DMC] &#8211; Ihr Premium-Reisepartner in Wien<\/strong><\/p>\n<p>Bie [<strong>KTA DMC<\/strong>], sind wir nicht nur ein Reiseb\u00fcro; Wir sind Ihr engagierter Partner bei der Gestaltung au\u00dfergew\u00f6hnlicher Erlebnisse in Wien. Unsere Mission ist es, Ihre Gesch\u00e4ftstreffen und Incentives in unvergessliche Momente voller Erfolg und Inspiration zu verwandeln.<\/p>\n<p><strong>Tagungsexzellenz:<\/strong><\/p>\n<p>Unsere Spezialit\u00e4t ist die Auswahl des perfekten Veranstaltungsortes und die Sicherstellung, dass alle Ihre individuellen Tagungsanforderungen erf\u00fcllt werden. Wir verstehen, dass der Erfolg Ihrer Meetings von den Details abh\u00e4ngt, und deshalb geben wir unser Bestes, um erstklassigen Service zu bieten. Von hochmodernen Einrichtungen bis hin zu pers\u00f6nlichen Details k\u00fcmmern wir uns um jeden Aspekt und sorgen daf\u00fcr, dass Ihre Tagung ein voller Erfolg wird. Ihre Ziele sind unsere Ziele, und wir sind bestrebt, bei jedem Schritt Spitzenleistungen zu erbringen.<\/p>\n<p><strong>Anreize, die inspirieren:<\/strong><\/p>\n<p>Bie [<strong>KTA DMC<\/strong>], Wir glauben, dass motivierte Mitarbeiter der Grundstein f\u00fcr ein florierendes Unternehmen sind. Deshalb liegt es uns am Herzen, Anreize zu schaffen, die Ihr Team begeistern. Unser Expertenteam zeichnet sich durch die Verwaltung von Hotelbuchungen, die Zusammenstellung spannender Aktivit\u00e4ten, die Organisation unvergesslicher Abendessen und die Organisation unvergesslicher Abenteuer aus. Ganz gleich, ob Sie eine bestimmte Vision vor Augen haben oder innerhalb eines Budgets arbeiten, wir sind bestrebt, Ihre Vision Wirklichkeit werden zu lassen. Wir planen nicht nur Incentives; Wir schaffen transformative Erlebnisse, die eine bleibende Wirkung hinterlassen.<\/p>\n<p><strong>Ihre Vision, Ihr Budget, unser Engagement:<\/strong><\/p>\n<p>Ihre einzigartige Vision und Ihre finanziellen \u00dcberlegungen stehen im Vordergrund unseres Planungsprozesses. Wir arbeiten eng mit Ihnen zusammen, um Ihre Ziele, Vorlieben und Einschr\u00e4nkungen zu verstehen. Mit unserem unersch\u00fctterlichen Engagement verwandeln wir Ihre Ideen in sorgf\u00e4ltig ausgearbeitete Erlebnisse, die Ihre Erwartungen \u00fcbertreffen. Vom Moment Ihrer Kontaktaufnahme bis zum Fallen des letzten Vorhangs f\u00fcr Ihre Veranstaltung sind wir an Ihrer Seite und sorgen daf\u00fcr, dass jedes Detail perfekt ist.<\/p>\n<p>Erleben Sie den Unterschied mit [<strong>KTA DMC<\/strong>]. Lassen Sie uns Ihr vertrauensw\u00fcrdiger Reisepartner in Wien sein und gemeinsam schaffen wir Momente der Exzellenz und Inspiration, die einen bleibenden Eindruck in Ihrem Unternehmen hinterlassen werden.<\/p>\n<p>Kontaktieren Sie uns noch heute, um mit der Planung Ihrer n\u00e4chsten Tagung oder Incentive-Veranstaltung zu beginnen. Wien erwartet Sie und wir sind hier, um es au\u00dfergew\u00f6hnlich zu machen.<\/p>\n\t\t\t\t\t\t<\/div>\n\t\t\t\t<\/div>\n\t\t\t\t\t<\/div>\n\t\t<\/div>\n\t\t\t\t\t\t\t<\/div>\n\t\t<\/section>\n\t\t\t\t\t\t\t<\/div>\n\t\t","protected":false},"excerpt":{"rendered":"<p>Ihre Destination-Management-Firma Ein internationales Netzwerk von Servicepartnern und Kunden Willkommen bei [KTA DMC] &#8211; Ihr Premium-Reisepartner in Wien Bie [KTA DMC], sind wir nicht nur ein Reiseb\u00fcro; Wir sind Ihr engagierter Partner bei der Gestaltung au\u00dfergew\u00f6hnlicher Erlebnisse in Wien. Unsere Mission ist es, Ihre Gesch\u00e4ftstreffen und Incentives in unvergessliche Momente voller Erfolg und Inspiration zu [&hellip;]<\/p>\n","protected":false},"author":1,"featured_media":0,"parent":0,"menu_order":0,"comment_status":"closed","ping_status":"closed","template":"","meta":{"footnotes":""},"_links":{"self":[{"href":"https:\/\/kta-dmc.com\/de\/wp-json\/wp\/v2\/pages\/1357"}],"collection":[{"href":"https:\/\/kta-dmc.com\/de\/wp-json\/wp\/v2\/pages"}],"about":[{"href":"https:\/\/kta-dmc.com\/de\/wp-json\/wp\/v2\/types\/page"}],"author":[{"embeddable":true,"href":"https:\/\/kta-dmc.com\/de\/wp-json\/wp\/v2\/users\/1"}],"replies":[{"embeddable":true,"href":"https:\/\/kta-dmc.com\/de\/wp-json\/wp\/v2\/comments?post=1357"}],"version-history":[{"count":7,"href":"https:\/\/kta-dmc.com\/de\/wp-json\/wp\/v2\/pages\/1357\/revisions"}],"predecessor-version":[{"id":1504,"href":"https:\/\/kta-dmc.com\/de\/wp-json\/wp\/v2\/pages\/1357\/revisions\/1504"}],"wp:attachment":[{"href":"https:\/\/kta-dmc.com\/de\/wp-json\/wp\/v2\/media?parent=1357"}],"curies":[{"name":"wp","href":"https:\/\/api.w.org\/{rel}","templated":true}]}}